{"id":20220,"date":"2023-08-17T11:08:56","date_gmt":"2023-08-17T15:08:56","guid":{"rendered":"https:\/\/clienteventreg.wpengine.com\/?page_id=20220"},"modified":"2026-03-20T16:28:22","modified_gmt":"2026-03-20T20:28:22","slug":"home","status":"publish","type":"page","link":"https:\/\/pscinc.co\/es\/","title":{"rendered":"Hogar"},"content":{"rendered":"<div class=\"container-fluid row_section vc_row_cp_t_80\"><div  class=\"vc_row wpb_row vc_row-fluid vc_custom_1682521607687 vc_row-has-fill vc_column-gap-30 vc_row-69f171e976333588780513\"   style=' text-align:left; z-index:0;'><div class=\"row-container container\"><div class=\"row-inner\"><div class=\"wpb_column vc_column_container vc_col-sm-12 vc_column_container_69f171e9767c0001247902 animate-loop animate-element\" data-animation-class=\"fadeInUp2\" style=\"z-index:0\"><div class=\"vc_column-inner\"><div class=\"wpb_wrapper\">\n\t<div class=\"wpb_text_column_1 wpb_text_column wpb_content_element\">\n\t\t<div class=\"wpb_wrapper\" >\n\t\t\t<p>Este sitio web existe como un lugar donde podemos brindar informaci\u00f3n sobre eventos, reuniones y formularios en nombre de nuestros clientes. Las siguientes iniciativas est\u00e1n activas actualmente:<\/p>\n\n<!-- Page-list plugin v.5.9 wordpress.org\/plugins\/page-list\/ -->\n<ul class=\"page-list\">\n<li class=\"page_item page-item-20505\"><a href=\"https:\/\/pscinc.co\/es\/build-and-grow-michigan-coalition-kickoff\/\">Lanzamiento de la Coalici\u00f3n Construyendo y Creciendo en Michigan<\/a><\/li>\n<li class=\"page_item page-item-20503\"><a href=\"https:\/\/pscinc.co\/es\/mdhhs-joint-integrated-hiv-plans-feedback-session\/\">Sesi\u00f3n de retroalimentaci\u00f3n sobre los planes conjuntos integrados de VIH del MDHHS<\/a><\/li>\n\n<\/ul>\n<p><em>Public Sector Consultants es una firma de consultor\u00eda de pol\u00edticas p\u00fablicas no partidista con oficinas en Lansing y Detroit. La misi\u00f3n de PSC es mejorar la calidad de vida de los residentes de Michigan y m\u00e1s all\u00e1. PSC cuenta con certificaciones como Peque\u00f1a Empresa Propiedad de Mujeres y Empresa Comercial de Mujeres, y est\u00e1 comprometida con la creaci\u00f3n de un espacio donde todas las voces sean escuchadas y comprendidas. Obtenga m\u00e1s informaci\u00f3n sobre la firma en <a href=\"http:\/\/www.publicsectorconsultants.com\/\" target=\"_blank\" rel=\"noopener\">consultoresdelsectorpublico.com<\/a>.<\/em><\/p>\n\n\t\t<\/div> \n\t<\/div> <\/div><\/div><\/div><\/div><\/div><\/div><\/div>","protected":false},"excerpt":{"rendered":"This website exists as a place where we can serve information about events, meetings, and forms on behalf of our clients. The following initiatives are currently active: Build and Grow [...]","protected":false},"author":9,"featured_media":0,"parent":0,"menu_order":0,"comment_status":"closed","ping_status":"closed","template":"","meta":{"footnotes":""},"class_list":["post-20220","page","type-page","status-publish","hentry"],"yoast_head":"<!-- This site is optimized with the Yoast SEO plugin v26.7 - https:\/\/yoast.com\/wordpress\/plugins\/seo\/ -->\n<title>Home &#8211; Public Sector Consultants Client Initatives<\/title>\n<meta name=\"robots\" content=\"index, follow, max-snippet:-1, max-image-preview:large, max-video-preview:-1\" \/>\n<link rel=\"canonical\" href=\"https:\/\/pscinc.co\/es\/\" \/>\n<meta property=\"og:locale\" content=\"es_MX\" \/>\n<meta property=\"og:type\" content=\"article\" \/>\n<meta property=\"og:title\" content=\"Home &#8211; Public Sector Consultants Client Initatives\" \/>\n<meta property=\"og:url\" content=\"https:\/\/pscinc.co\/es\/\" \/>\n<meta property=\"og:site_name\" content=\"Public Sector Consultants Client Initatives\" \/>\n<meta property=\"article:publisher\" content=\"https:\/\/www.facebook.com\/PublicSectorConsultants\" \/>\n<meta property=\"article:modified_time\" content=\"2026-03-20T20:28:22+00:00\" \/>\n<meta name=\"twitter:card\" content=\"summary_large_image\" \/>\n<meta name=\"twitter:site\" content=\"@pscmichigan\" \/>\n<meta name=\"twitter:label1\" content=\"Est. reading time\" \/>\n\t<meta name=\"twitter:data1\" content=\"1 minuto\" \/>\n<script type=\"application\/ld+json\" class=\"yoast-schema-graph\">{\"@context\":\"https:\/\/schema.org\",\"@graph\":[{\"@type\":\"WebPage\",\"@id\":\"https:\/\/pscinc.co\/\",\"url\":\"https:\/\/pscinc.co\/\",\"name\":\"Home &#8211; Public Sector Consultants Client Initatives\",\"isPartOf\":{\"@id\":\"https:\/\/pscinc.co\/#website\"},\"datePublished\":\"2023-08-17T15:08:56+00:00\",\"dateModified\":\"2026-03-20T20:28:22+00:00\",\"breadcrumb\":{\"@id\":\"https:\/\/pscinc.co\/#breadcrumb\"},\"inLanguage\":\"es\",\"potentialAction\":[{\"@type\":\"ReadAction\",\"target\":[\"https:\/\/pscinc.co\/\"]}]},{\"@type\":\"BreadcrumbList\",\"@id\":\"https:\/\/pscinc.co\/#breadcrumb\",\"itemListElement\":[{\"@type\":\"ListItem\",\"position\":1,\"name\":\"Home\",\"item\":\"https:\/\/pscinc.co\/\"},{\"@type\":\"ListItem\",\"position\":2,\"name\":\"Home\"}]},{\"@type\":\"WebSite\",\"@id\":\"https:\/\/pscinc.co\/#website\",\"url\":\"https:\/\/pscinc.co\/\",\"name\":\"Public Sector Consultants Client Initatives\",\"description\":\"An Independent, Nonpartisan Public Policy Consulting Firm\",\"publisher\":{\"@id\":\"https:\/\/pscinc.co\/#organization\"},\"alternateName\":\"PSC\",\"potentialAction\":[{\"@type\":\"SearchAction\",\"target\":{\"@type\":\"EntryPoint\",\"urlTemplate\":\"https:\/\/pscinc.co\/?s={search_term_string}\"},\"query-input\":{\"@type\":\"PropertyValueSpecification\",\"valueRequired\":true,\"valueName\":\"search_term_string\"}}],\"inLanguage\":\"es\"},{\"@type\":\"Organization\",\"@id\":\"https:\/\/pscinc.co\/#organization\",\"name\":\"Public Sector Consultants\",\"alternateName\":\"PSC\",\"url\":\"https:\/\/pscinc.co\/\",\"logo\":{\"@type\":\"ImageObject\",\"inLanguage\":\"es\",\"@id\":\"https:\/\/pscinc.co\/#\/schema\/logo\/image\/\",\"url\":\"https:\/\/clienteventreg.wpengine.com\/wp-content\/uploads\/2016\/10\/psc-logo-color.png\",\"contentUrl\":\"https:\/\/clienteventreg.wpengine.com\/wp-content\/uploads\/2016\/10\/psc-logo-color.png\",\"width\":366,\"height\":120,\"caption\":\"Public Sector Consultants\"},\"image\":{\"@id\":\"https:\/\/pscinc.co\/#\/schema\/logo\/image\/\"},\"sameAs\":[\"https:\/\/www.facebook.com\/PublicSectorConsultants\",\"https:\/\/x.com\/pscmichigan\",\"https:\/\/www.linkedin.com\/company\/public-sector-consultants\",\"https:\/\/www.youtube.com\/channel\/UCjoEsgFvA7ks_46qrf-pYqQ\"]}]}<\/script>\n<!-- \/ Yoast SEO plugin. -->","yoast_head_json":{"title":"Inicio \u2013 Iniciativas para clientes de consultores del sector p\u00fablico","robots":{"index":"index","follow":"follow","max-snippet":"max-snippet:-1","max-image-preview":"max-image-preview:large","max-video-preview":"max-video-preview:-1"},"canonical":"https:\/\/pscinc.co\/es\/","og_locale":"es_MX","og_type":"article","og_title":"Home &#8211; Public Sector Consultants Client Initatives","og_url":"https:\/\/pscinc.co\/es\/","og_site_name":"Public Sector Consultants Client Initatives","article_publisher":"https:\/\/www.facebook.com\/PublicSectorConsultants","article_modified_time":"2026-03-20T20:28:22+00:00","twitter_card":"summary_large_image","twitter_site":"@pscmichigan","twitter_misc":{"Est. reading time":"1 minuto"},"schema":{"@context":"https:\/\/schema.org","@graph":[{"@type":"WebPage","@id":"https:\/\/pscinc.co\/","url":"https:\/\/pscinc.co\/","name":"Inicio \u2013 Iniciativas para clientes de consultores del sector p\u00fablico","isPartOf":{"@id":"https:\/\/pscinc.co\/#website"},"datePublished":"2023-08-17T15:08:56+00:00","dateModified":"2026-03-20T20:28:22+00:00","breadcrumb":{"@id":"https:\/\/pscinc.co\/#breadcrumb"},"inLanguage":"es","potentialAction":[{"@type":"ReadAction","target":["https:\/\/pscinc.co\/"]}]},{"@type":"BreadcrumbList","@id":"https:\/\/pscinc.co\/#breadcrumb","itemListElement":[{"@type":"ListItem","position":1,"name":"Home","item":"https:\/\/pscinc.co\/"},{"@type":"ListItem","position":2,"name":"Home"}]},{"@type":"WebSite","@id":"https:\/\/pscinc.co\/#website","url":"https:\/\/pscinc.co\/","name":"Iniciativas de clientes de consultores del sector p\u00fablico","description":"Una firma consultora de pol\u00edticas p\u00fablicas independiente y no partidista","publisher":{"@id":"https:\/\/pscinc.co\/#organization"},"alternateName":"PSC","potentialAction":[{"@type":"SearchAction","target":{"@type":"EntryPoint","urlTemplate":"https:\/\/pscinc.co\/?s={search_term_string}"},"query-input":{"@type":"PropertyValueSpecification","valueRequired":true,"valueName":"search_term_string"}}],"inLanguage":"es"},{"@type":"Organization","@id":"https:\/\/pscinc.co\/#organization","name":"Consultores del Sector P\u00fablico","alternateName":"PSC","url":"https:\/\/pscinc.co\/","logo":{"@type":"ImageObject","inLanguage":"es","@id":"https:\/\/pscinc.co\/#\/schema\/logo\/image\/","url":"https:\/\/clienteventreg.wpengine.com\/wp-content\/uploads\/2016\/10\/psc-logo-color.png","contentUrl":"https:\/\/clienteventreg.wpengine.com\/wp-content\/uploads\/2016\/10\/psc-logo-color.png","width":366,"height":120,"caption":"Public Sector Consultants"},"image":{"@id":"https:\/\/pscinc.co\/#\/schema\/logo\/image\/"},"sameAs":["https:\/\/www.facebook.com\/PublicSectorConsultants","https:\/\/x.com\/pscmichigan","https:\/\/www.linkedin.com\/company\/public-sector-consultants","https:\/\/www.youtube.com\/channel\/UCjoEsgFvA7ks_46qrf-pYqQ"]}]}},"publishpress_future_action":{"enabled":false,"date":"2026-05-05 22:50:17","action":"change-status","newStatus":"draft","terms":[],"taxonomy":"","extraData":[]},"publishpress_future_workflow_manual_trigger":{"enabledWorkflows":[]},"_links":{"self":[{"href":"https:\/\/pscinc.co\/es\/wp-json\/wp\/v2\/pages\/20220","targetHints":{"allow":["GET"]}}],"collection":[{"href":"https:\/\/pscinc.co\/es\/wp-json\/wp\/v2\/pages"}],"about":[{"href":"https:\/\/pscinc.co\/es\/wp-json\/wp\/v2\/types\/page"}],"author":[{"embeddable":true,"href":"https:\/\/pscinc.co\/es\/wp-json\/wp\/v2\/users\/9"}],"replies":[{"embeddable":true,"href":"https:\/\/pscinc.co\/es\/wp-json\/wp\/v2\/comments?post=20220"}],"version-history":[{"count":0,"href":"https:\/\/pscinc.co\/es\/wp-json\/wp\/v2\/pages\/20220\/revisions"}],"wp:attachment":[{"href":"https:\/\/pscinc.co\/es\/wp-json\/wp\/v2\/media?parent=20220"}],"curies":[{"name":"wp","href":"https:\/\/api.w.org\/{rel}","templated":true}]}}